{"id":422,"date":"2017-09-25T11:52:22","date_gmt":"2017-09-25T09:52:22","guid":{"rendered":"http:\/\/www.caprice-dz.com\/?page_id=422"},"modified":"2024-05-08T16:15:22","modified_gmt":"2024-05-08T15:15:22","slug":"recettes","status":"publish","type":"page","link":"https:\/\/www.caprice-dz.com\/ar\/recettes\/","title":{"rendered":"\u0627\u0644\u0648\u0635\u0641\u0627\u062a"},"content":{"rendered":"<div class=\"wpb-content-wrapper\"><p>[vc_row][vc_column]<div id = \"post_grid_a91ccff5995ec2531ae377a31e6ac12f\" class=\"grid_holder \"><div class=\"col span_1_of_2 info_item isotope_element\">\n\t\t\t\t\t\t\t<div class=\"post_item_block  \"><div class=\"pic \"><a href=\"https:\/\/www.caprice-dz.com\/ar\/sables-fourres-au-bniwen-au-caramel-caprice-oum-yara-%d8%ad%d9%84%d9%88%d9%8a%d8%a7%d8%aa-%d8%a5%d9%82%d8%aa%d8%b5%d8%a7%d8%af%d9%8a%d8%a9-%d9%88-%d8%b1%d8%a7%d9%82%d9%8a%d8%a9-2\/\"><img decoding=\"async\" src=\"https:\/\/www.caprice-dz.com\/wp-content\/uploads\/2020\/05\/Capture-oum-yara.png\"\/><div class=\"img_overlay\"><span class=\"hover_icon icon_plus\"><\/span><\/div><\/a><\/div><div class=\"post_item_desc dark_links\"><h4><a href=\"https:\/\/www.caprice-dz.com\/ar\/sables-fourres-au-bniwen-au-caramel-caprice-oum-yara-%d8%ad%d9%84%d9%88%d9%8a%d8%a7%d8%aa-%d8%a5%d9%82%d8%aa%d8%b5%d8%a7%d8%af%d9%8a%d8%a9-%d9%88-%d8%b1%d8%a7%d9%82%d9%8a%d8%a9-2\/\">(Fran\u00e7ais) Sabl\u00e9s fourr\u00e9s au bniwen au caramel Caprice (Oum Yara \u062d\u0644\u0648\u064a\u0627\u062a \u0625\u0642\u062a\u0635\u0627\u062f\u064a\u0629 \u0648 \u0631\u0627\u0642\u064a\u0629)<\/a><\/h4><p>\u0639\u0641\u0648\u0627\u060c \u0647\u0630\u0647 \u0627\u0644\u0645\u062f\u062e\u0644\u0629 \u0645\u0648\u062c\u0648\u062f\u0629 \u0641\u0642\u0637 \u0641\u064a ...<\/p>\t\t<\/div>\n\t\t\t\t<\/div>\n\t\t\t\t<\/div><div class=\"col span_1_of_2 info_item isotope_element\">\n\t\t\t\t\t\t\t<div class=\"post_item_block  \"><div class=\"pic \"><a href=\"https:\/\/www.caprice-dz.com\/ar\/domes-de-chocolat-et-a-la-sauce-caramel-caprice-bant-sahra-dz-%d8%a8%d9%86%d8%aa-%d8%a7%d9%84%d8%b5%d8%ad%d8%b1%d8%a7-dz\/\"><img decoding=\"async\" src=\"https:\/\/www.caprice-dz.com\/wp-content\/uploads\/2020\/05\/Capture-bant-sahra-2.png\"\/><div class=\"img_overlay\"><span class=\"hover_icon icon_plus\"><\/span><\/div><\/a><\/div><div class=\"post_item_desc dark_links\"><h4><a href=\"https:\/\/www.caprice-dz.com\/ar\/domes-de-chocolat-et-a-la-sauce-caramel-caprice-bant-sahra-dz-%d8%a8%d9%86%d8%aa-%d8%a7%d9%84%d8%b5%d8%ad%d8%b1%d8%a7-dz\/\">(Fran\u00e7ais) D\u00f4mes de chocolat et \u00e0 la sauce caramel Caprice (Bant-Sahra DZ \u0628\u0646\u062a \u0627\u0644\u0635\u062d\u0631\u0627 Dz)<\/a><\/h4><p>\u0639\u0641\u0648\u0627\u060c \u0647\u0630\u0647 \u0627\u0644\u0645\u062f\u062e\u0644\u0629 \u0645\u0648\u062c\u0648\u062f\u0629 \u0641\u0642\u0637 \u0641\u064a ...<\/p>\t\t<\/div>\n\t\t\t\t<\/div>\n\t\t\t\t<\/div><div class=\"col span_1_of_2 info_item isotope_element\">\n\t\t\t\t\t\t\t<div class=\"post_item_block  \"><div class=\"pic \"><a href=\"https:\/\/www.caprice-dz.com\/ar\/sables-fourres-a-la-mousse-au-caramel-caprice-oum-ayad-%d8%a3%d9%85-%d8%a5%d9%8a%d8%a7%d8%af-2\/\"><img decoding=\"async\" src=\"https:\/\/www.caprice-dz.com\/wp-content\/uploads\/2020\/05\/Capture-recette-oum-ayad-5.png\"\/><div class=\"img_overlay\"><span class=\"hover_icon icon_plus\"><\/span><\/div><\/a><\/div><div class=\"post_item_desc dark_links\"><h4><a href=\"https:\/\/www.caprice-dz.com\/ar\/sables-fourres-a-la-mousse-au-caramel-caprice-oum-ayad-%d8%a3%d9%85-%d8%a5%d9%8a%d8%a7%d8%af-2\/\">(Fran\u00e7ais) Sabl\u00e9s fourr\u00e9s \u00e0 la mousse au caramel Caprice (Oum Ayad \u0623\u0645 \u0625\u064a\u0627\u062f)<\/a><\/h4><p>\u0639\u0641\u0648\u0627\u060c \u0647\u0630\u0647 \u0627\u0644\u0645\u062f\u062e\u0644\u0629 \u0645\u0648\u062c\u0648\u062f\u0629 \u0641\u0642\u0637 \u0641\u064a ...<\/p>\t\t<\/div>\n\t\t\t\t<\/div>\n\t\t\t\t<\/div><div class=\"col span_1_of_2 info_item isotope_element\">\n\t\t\t\t\t\t\t<div class=\"post_item_block  \"><div class=\"pic \"><a href=\"https:\/\/www.caprice-dz.com\/ar\/brownie-chocolat-et-caprice\/\"><img decoding=\"async\" src=\"https:\/\/www.caprice-dz.com\/wp-content\/uploads\/2017\/10\/caramel-caprice-2.jpg\"\/><div class=\"img_overlay\"><span class=\"hover_icon icon_plus\"><\/span><\/div><\/a><\/div><div class=\"post_item_desc dark_links\"><h4><a href=\"https:\/\/www.caprice-dz.com\/ar\/brownie-chocolat-et-caprice\/\">\u0643\u0639\u0643 \u0628\u0627\u0644\u0634\u0648\u0643\u0648\u0644\u0627\u062a\u0629 \u0648 \u0643\u0628\u0631\u064a\u0633<\/a><\/h4><p>\u063a\u0631\u0627\u0645 \u0645\u0646 \u0634\u0648\u0643\u0648\u0644\u0627\u062a\u0647 \u0627\u0644\u0645\u0639\u062c\u0646\u0627\u062a\r\n180 \u063a\u0631\u0627\u0645 ...<\/p>\t\t<\/div>\n\t\t\t\t<\/div>\n\t\t\t\t<\/div><div class=\"col span_1_of_2 info_item isotope_element\">\n\t\t\t\t\t\t\t<div class=\"post_item_block  \"><div class=\"pic \"><a href=\"https:\/\/www.caprice-dz.com\/ar\/cheese-cake-au-caramel-caprice-2\/\"><img decoding=\"async\" src=\"https:\/\/www.caprice-dz.com\/wp-content\/uploads\/2017\/09\/cheese-cake-caramel.jpg\"\/><div class=\"img_overlay\"><span class=\"hover_icon icon_plus\"><\/span><\/div><\/a><\/div><div class=\"post_item_desc dark_links\"><h4><a href=\"https:\/\/www.caprice-dz.com\/ar\/cheese-cake-au-caramel-caprice-2\/\">\u062a\u0634\u064a\u0632 \u0643\u064a\u0643 \u0628\u0643\u0631\u0645\u064a\u0644 \u0643\u0628\u0631\u064a\u0633.<\/a><\/h4><p>320 \u063a\u0631\u0627\u0645 \u0632\u0628\u062f\u0629 \u0639\u0644\u0649 \u0646\u0645\u0637 \u0627\u0644\u0628\u0633\u0643\u0648\u064a\u062a ...<\/p>\t\t<\/div>\n\t\t\t\t<\/div>\n\t\t\t\t<\/div><div class=\"col span_1_of_2 info_item isotope_element\">\n\t\t\t\t\t\t\t<div class=\"post_item_block  \"><div class=\"pic \"><a href=\"https:\/\/www.caprice-dz.com\/ar\/bniwen-au-caramel-caprice-adwak\/\"><img decoding=\"async\" src=\"https:\/\/www.caprice-dz.com\/wp-content\/uploads\/2020\/05\/Capture-adwak.png\"\/><div class=\"img_overlay\"><span class=\"hover_icon icon_plus\"><\/span><\/div><\/a><\/div><div class=\"post_item_desc dark_links\"><h4><a href=\"https:\/\/www.caprice-dz.com\/ar\/bniwen-au-caramel-caprice-adwak\/\">Bniwen au ca<\/a><\/h4><p>\u0639\u0641\u0648\u0627\u060c \u0647\u0630\u0647 \u0627\u0644\u0645\u062f\u062e\u0644\u0629 \u0645\u0648\u062c\u0648\u062f\u0629 \u0641\u0642\u0637 \u0641\u064a ...<\/p>\t\t<\/div>\n\t\t\t\t<\/div>\n\t\t\t\t<\/div><div class=\"col span_1_of_2 info_item isotope_element\">\n\t\t\t\t\t\t\t<div class=\"post_item_block  \"><div class=\"pic \"><a href=\"https:\/\/www.caprice-dz.com\/ar\/tartelettes-au-caramel-caprice-et-aux-noix-mouni-cook\/\"><img decoding=\"async\" src=\"https:\/\/www.caprice-dz.com\/wp-content\/uploads\/2020\/05\/Mouni-Cook-1.jpg\"\/><div class=\"img_overlay\"><span class=\"hover_icon icon_plus\"><\/span><\/div><\/a><\/div><div class=\"post_item_desc dark_links\"><h4><a href=\"https:\/\/www.caprice-dz.com\/ar\/tartelettes-au-caramel-caprice-et-aux-noix-mouni-cook\/\">Tartelettes<\/a><\/h4><p>\u0639\u0641\u0648\u0627\u060c \u0647\u0630\u0647 \u0627\u0644\u0645\u062f\u062e\u0644\u0629 \u0645\u0648\u062c\u0648\u062f\u0629 \u0641\u0642\u0637 \u0641\u064a ...<\/p>\t\t<\/div>\n\t\t\t\t<\/div>\n\t\t\t\t<\/div><div class=\"col span_1_of_2 info_item isotope_element\">\n\t\t\t\t\t\t\t<div class=\"post_item_block  \"><div class=\"pic \"><a href=\"https:\/\/www.caprice-dz.com\/ar\/truffes-au-caramel-caprice-ramzy-bencharif\/\"><img decoding=\"async\" src=\"https:\/\/www.caprice-dz.com\/wp-content\/uploads\/2020\/05\/Visuel-Truffes-Ramzi-Bencharif.jpg\"\/><div class=\"img_overlay\"><span class=\"hover_icon icon_plus\"><\/span><\/div><\/a><\/div><div class=\"post_item_desc dark_links\"><h4><a href=\"https:\/\/www.caprice-dz.com\/ar\/truffes-au-caramel-caprice-ramzy-bencharif\/\">(Fran\u00e7ais) Truffes au caramel Caprice (Ramzy Bencharif)<\/a><\/h4><p>\u0639\u0641\u0648\u0627\u060c \u0647\u0630\u0647 \u0627\u0644\u0645\u062f\u062e\u0644\u0629 \u0645\u0648\u062c\u0648\u062f\u0629 \u0641\u0642\u0637 \u0641\u064a ...<\/p>\t\t<\/div>\n\t\t\t\t<\/div>\n\t\t\t\t<\/div><div class=\"col span_1_of_2 info_item isotope_element\">\n\t\t\t\t\t\t\t<div class=\"post_item_block  \"><div class=\"pic \"><a href=\"https:\/\/www.caprice-dz.com\/ar\/truffes-au-caramel-caprice-oum-taqwa-malak-%d8%a3%d9%85-%d8%aa%d9%82%d9%88%d9%89-%d9%85%d9%84%d8%a7%d9%83\/\"><img decoding=\"async\" src=\"https:\/\/www.caprice-dz.com\/wp-content\/uploads\/2020\/05\/Capture-oum-taqwa-malak.png\"\/><div class=\"img_overlay\"><span class=\"hover_icon icon_plus\"><\/span><\/div><\/a><\/div><div class=\"post_item_desc dark_links\"><h4><a href=\"https:\/\/www.caprice-dz.com\/ar\/truffes-au-caramel-caprice-oum-taqwa-malak-%d8%a3%d9%85-%d8%aa%d9%82%d9%88%d9%89-%d9%85%d9%84%d8%a7%d9%83\/\">Truffes au caramel Caprice (Oum Taqwa Malak<\/a><\/h4><p>\u0639\u0641\u0648\u0627\u060c \u0647\u0630\u0647 \u0627\u0644\u0645\u062f\u062e\u0644\u0629 \u0645\u0648\u062c\u0648\u062f\u0629 \u0641\u0642\u0637 \u0641\u064a ...<\/p>\t\t<\/div>\n\t\t\t\t<\/div>\n\t\t\t\t<\/div>\n\t\t\t<\/div>\n\t\t\t<div class=\"h10 clear\"><\/div>[\/vc_column][\/vc_row]<\/p>\n<\/div>","protected":false},"excerpt":{"rendered":"<p>[vc_row][vc_column][\/vc_column][\/vc_row]<\/p>\n","protected":false},"author":2000,"featured_media":0,"parent":0,"menu_order":0,"comment_status":"closed","ping_status":"closed","template":"","meta":{"footnotes":""},"class_list":["post-422","page","type-page","status-publish","hentry"],"_links":{"self":[{"href":"https:\/\/www.caprice-dz.com\/ar\/wp-json\/wp\/v2\/pages\/422","targetHints":{"allow":["GET"]}}],"collection":[{"href":"https:\/\/www.caprice-dz.com\/ar\/wp-json\/wp\/v2\/pages"}],"about":[{"href":"https:\/\/www.caprice-dz.com\/ar\/wp-json\/wp\/v2\/types\/page"}],"author":[{"embeddable":true,"href":"https:\/\/www.caprice-dz.com\/ar\/wp-json\/wp\/v2\/users\/2000"}],"replies":[{"embeddable":true,"href":"https:\/\/www.caprice-dz.com\/ar\/wp-json\/wp\/v2\/comments?post=422"}],"version-history":[{"count":12,"href":"https:\/\/www.caprice-dz.com\/ar\/wp-json\/wp\/v2\/pages\/422\/revisions"}],"predecessor-version":[{"id":1916,"href":"https:\/\/www.caprice-dz.com\/ar\/wp-json\/wp\/v2\/pages\/422\/revisions\/1916"}],"wp:attachment":[{"href":"https:\/\/www.caprice-dz.com\/ar\/wp-json\/wp\/v2\/media?parent=422"}],"curies":[{"name":"wp","href":"https:\/\/api.w.org\/{rel}","templated":true}]}}