{"id":757,"date":"2018-05-21T13:48:21","date_gmt":"2018-05-21T12:48:21","guid":{"rendered":"http:\/\/www.caprice-dz.com\/?page_id=757"},"modified":"2018-05-21T19:12:55","modified_gmt":"2018-05-21T18:12:55","slug":"responsable-hse","status":"publish","type":"page","link":"https:\/\/www.caprice-dz.com\/en\/responsable-hse\/","title":{"rendered":"Responsable HSE"},"content":{"rendered":"<div class=\"wpb-content-wrapper\"><p>[vc_row][vc_column][vc_column_text]<\/p>\n<h2 style=\"text-align: center;\"><strong>Responsable HSE<\/strong><\/h2>\n<h3><strong>Missions\u00a0du poste\u00a0:<\/strong><\/h3>\n<ul>\n<li>Occuper le r\u00f4le central dans l\u2019assistance aupr\u00e8s de la direction en ce qui concerne l\u2019\u00e9valuation des risques et la d\u00e9finition de la politique d\u2019hygi\u00e8ne, s\u00e9curit\u00e9 et environnement des collaborateurs et des projets.<\/li>\n<li>Assurer le suivi et r\u00e9diger les conditions de s\u00e9curit\u00e9\u00a0au poste de travail et les fiches pr\u00e9ventives\u00a0des risques.<\/li>\n<li>V\u00e9rifier r\u00e9guli\u00e8rement que l&#8217;entreprise et conforme \u00e0 la r\u00e9glementation en vigueur.<\/li>\n<li>\u00c9laborer et mettre en \u0153uvre des programmes d\u2019hygi\u00e8ne, de s\u00e9curit\u00e9 et de pr\u00e9vention des accidents de travail.<\/li>\n<li>Proposition et mise en \u0153uvre des r\u00e8gles.<\/li>\n<li>D\u00e9finition, pilotage et optimisation de la politique HSE.<\/li>\n<li>Informer les employ\u00e9es sur les nouvelles r\u00e9glementations.<\/li>\n<li>Assurer le repporting r\u00e9gulier au pr\u00e9s de la hi\u00e9rarchie.<\/li>\n<li>Sensibiliser et former \u00e0 la d\u00e9marche hygi\u00e8ne, s\u00e9curit\u00e9 et environnement et \u00e0 la pr\u00e9vention des risques.<\/li>\n<li>Suivre et contr\u00f4ler la conformit\u00e9 r\u00e9glementaire, fonctionnelle ou de mise en \u0153uvre des produits, proc\u00e9d\u00e9s, installations et \u00e9quipements,<\/li>\n<li>Identifier, analyser les dysfonctionnements et les non-conformit\u00e9s, diagnostiquer les causes et d\u00e9finir les actions correctives,<\/li>\n<li>Suivre, analyser les donn\u00e9es hygi\u00e8ne, s\u00e9curit\u00e9, environnement et d\u00e9terminer les \u00e9volutions et les am\u00e9liorations,<\/li>\n<li>Apporter un appui technique aux services production, qualit\u00e9 et maintenance,<\/li>\n<\/ul>\n<h3><strong>Profil recherch\u00e9\u00a0:<\/strong><\/h3>\n<ul>\n<li>Dipl\u00f4me\u00a0de TS ou d&#8217;ing\u00e9nieur en hygi\u00e8ne\u00a0et s\u00e9curit\u00e9.<\/li>\n<li>Formation sp\u00e9cialis\u00e9 dans le domaine.<\/li>\n<\/ul>\n<h3><strong>Lieu du poste :<\/strong><\/h3>\n<ul>\n<li><b>Alger &#8211; Blida<\/b><\/li>\n<\/ul>\n<p>[\/vc_column_text][\/vc_column][\/vc_row][vc_row full_width=&#8221;stretch_row&#8221; css=&#8221;.vc_custom_1526906804658{padding-top: 20px !important;padding-bottom: 20px !important;background-color: #f7f7f7 !important;}&#8221;][vc_column width=&#8221;1\/6&#8243;][\/vc_column][vc_column width=&#8221;2\/3&#8243;][vc_column_text]<\/p>\n<h2 style=\"text-align: center;\"><strong>Postuler<\/strong><\/h2>\n<p>[\/vc_column_text]\n<div class=\"wpcf7 no-js\" id=\"wpcf7-f317-o1\" lang=\"fr-FR\" dir=\"ltr\" data-wpcf7-id=\"317\">\n<div class=\"screen-reader-response\"><p role=\"status\" aria-live=\"polite\" aria-atomic=\"true\"><\/p> <ul><\/ul><\/div>\n<form action=\"\/en\/wp-json\/wp\/v2\/pages\/757#wpcf7-f317-o1\" method=\"post\" class=\"wpcf7-form init\" aria-label=\"Formulaire de contact\" enctype=\"multipart\/form-data\" novalidate=\"novalidate\" data-status=\"init\">\n<fieldset class=\"hidden-fields-container\"><input type=\"hidden\" name=\"_wpcf7\" value=\"317\" \/><input type=\"hidden\" name=\"_wpcf7_version\" value=\"6.1.5\" \/><input type=\"hidden\" name=\"_wpcf7_locale\" value=\"fr_FR\" \/><input type=\"hidden\" name=\"_wpcf7_unit_tag\" value=\"wpcf7-f317-o1\" \/><input type=\"hidden\" name=\"_wpcf7_container_post\" value=\"0\" \/><input type=\"hidden\" name=\"_wpcf7_posted_data_hash\" value=\"\" \/><input type=\"hidden\" name=\"_wpcf7_recaptcha_response\" value=\"\" \/>\n<\/fieldset>\n<div class=\"red_form\">\n\t<p><label> Nom*<br \/>\n<span class=\"wpcf7-form-control-wrap\" data-name=\"nom\"><input size=\"40\" maxlength=\"400\" class=\"wpcf7-form-control wpcf7-text wpcf7-validates-as-required input_bottom_line\" aria-required=\"true\" aria-invalid=\"false\" value=\"\" type=\"text\" name=\"nom\" \/><\/span> <\/label><br \/>\n<label> E-mail*<br \/>\n<span class=\"wpcf7-form-control-wrap\" data-name=\"email\"><input size=\"40\" maxlength=\"400\" class=\"wpcf7-form-control wpcf7-email wpcf7-validates-as-required wpcf7-text wpcf7-validates-as-email input_bottom_line\" aria-required=\"true\" aria-invalid=\"false\" value=\"\" type=\"email\" name=\"email\" \/><\/span> <\/label><br \/>\n<label> Niveau d'\u00e9tudes*<br \/>\n<span class=\"wpcf7-form-control-wrap\" data-name=\"niveau\"><select class=\"wpcf7-form-control wpcf7-select wpcf7-validates-as-required\" aria-required=\"true\" aria-invalid=\"false\" name=\"niveau\"><option value=\"Technicien sup\u00e9rieur\">Technicien sup\u00e9rieur<\/option><option value=\"bac+3\">bac+3<\/option><option value=\"bac+5\">bac+5<\/option><option value=\"MBA\">MBA<\/option><\/select><\/span><\/label><br \/>\n<label> CV*<br \/>\n<span class=\"wpcf7-form-control-wrap\" data-name=\"file-cv\"><input size=\"40\" class=\"wpcf7-form-control wpcf7-file wpcf7-validates-as-required\" accept=\".pdf\" aria-required=\"true\" aria-invalid=\"false\" type=\"file\" name=\"file-cv\" \/><\/span><\/label>\n\t<\/p>\n<\/div>\n<div class=\"red_form\">\n\t<p><label> Pr\u00e9nom*<br \/>\n<span class=\"wpcf7-form-control-wrap\" data-name=\"prenom\"><input size=\"40\" maxlength=\"400\" class=\"wpcf7-form-control wpcf7-text wpcf7-validates-as-required input_bottom_line\" aria-required=\"true\" aria-invalid=\"false\" value=\"\" type=\"text\" name=\"prenom\" \/><\/span> <\/label><br \/>\n<label> T\u00e9l\u00e9phone*<br \/>\n<span class=\"wpcf7-form-control-wrap\" data-name=\"telephone\"><input size=\"40\" maxlength=\"400\" class=\"wpcf7-form-control wpcf7-tel wpcf7-validates-as-required wpcf7-text wpcf7-validates-as-tel input_bottom_line\" aria-required=\"true\" aria-invalid=\"false\" value=\"\" type=\"tel\" name=\"telephone\" \/><\/span><\/label><br \/>\n<label> Domaine d'activit\u00e9*<br \/>\n<span class=\"wpcf7-form-control-wrap\" data-name=\"type-poste\"><select class=\"wpcf7-form-control wpcf7-select wpcf7-validates-as-required\" aria-required=\"true\" aria-invalid=\"false\" name=\"type-poste\"><option value=\"HSE\">HSE<\/option><option value=\"Process de Fabrication\">Process de Fabrication<\/option><option value=\"Marketing\">Marketing<\/option><option value=\"Merchandising\">Merchandising<\/option><option value=\"Logistique\">Logistique<\/option><option value=\"Administration\">Administration<\/option><option value=\"Finances\">Finances<\/option><option value=\"Qualit\u00e9\">Qualit\u00e9<\/option><\/select><\/span><\/label><br \/>\n<label> Lettre de motivation<br \/>\n<span class=\"wpcf7-form-control-wrap\" data-name=\"file-moti\"><input size=\"40\" class=\"wpcf7-form-control wpcf7-file wpcf7-validates-as-required\" accept=\".pdf\" aria-required=\"true\" aria-invalid=\"false\" type=\"file\" name=\"file-moti\" \/><\/span><\/label>\n\t<\/p>\n<\/div>\n<div>\n\t<p><label> Message*<br \/>\n<span class=\"wpcf7-form-control-wrap\" data-name=\"message\"><textarea cols=\"40\" rows=\"10\" maxlength=\"2000\" class=\"wpcf7-form-control wpcf7-textarea input_bottom_line\" aria-invalid=\"false\" name=\"message\"><\/textarea><\/span><\/label>\n\t<\/p>\n<\/div>\n\n<p><input class=\"wpcf7-form-control wpcf7-submit has-spinner btn_theme_color btn_rounded\" type=\"submit\" value=\"Envoyer\" \/>\n<\/p><input type='hidden' class='wpcf7-pum' value='{\"closepopup\":false,\"closedelay\":0,\"openpopup\":false,\"openpopup_id\":0}' \/><div class=\"wpcf7-response-output\" aria-hidden=\"true\"><\/div>\n<\/form>\n<\/div>\n[\/vc_column][vc_column width=&#8221;1\/6&#8243;][\/vc_column][\/vc_row]<\/p>\n<\/div>","protected":false},"excerpt":{"rendered":"<p>[vc_row][vc_column][vc_column_text] Responsable HSE Missions\u00a0du poste\u00a0: Occuper le r\u00f4le central dans l\u2019assistance aupr\u00e8s de la direction en ce qui concerne l\u2019\u00e9valuation des risques et la d\u00e9finition de la politique d\u2019hygi\u00e8ne, s\u00e9curit\u00e9 et environnement des collaborateurs et des projets. Assurer le suivi et r\u00e9diger les conditions de s\u00e9curit\u00e9\u00a0au poste de travail et les fiches pr\u00e9ventives\u00a0des risques. V\u00e9rifier r\u00e9guli\u00e8rement que l&#8217;entreprise et conforme<\/p>\n<div class=\"h10\"><\/div>\n<p><a class=\"more-link1\" href=\"https:\/\/www.caprice-dz.com\/en\/responsable-hse\/\">Read more<\/a><\/p>\n","protected":false},"author":2000,"featured_media":758,"parent":0,"menu_order":0,"comment_status":"closed","ping_status":"closed","template":"","meta":{"footnotes":""},"class_list":["post-757","page","type-page","status-publish","has-post-thumbnail","hentry"],"_links":{"self":[{"href":"https:\/\/www.caprice-dz.com\/en\/wp-json\/wp\/v2\/pages\/757","targetHints":{"allow":["GET"]}}],"collection":[{"href":"https:\/\/www.caprice-dz.com\/en\/wp-json\/wp\/v2\/pages"}],"about":[{"href":"https:\/\/www.caprice-dz.com\/en\/wp-json\/wp\/v2\/types\/page"}],"author":[{"embeddable":true,"href":"https:\/\/www.caprice-dz.com\/en\/wp-json\/wp\/v2\/users\/2000"}],"replies":[{"embeddable":true,"href":"https:\/\/www.caprice-dz.com\/en\/wp-json\/wp\/v2\/comments?post=757"}],"version-history":[{"count":10,"href":"https:\/\/www.caprice-dz.com\/en\/wp-json\/wp\/v2\/pages\/757\/revisions"}],"predecessor-version":[{"id":779,"href":"https:\/\/www.caprice-dz.com\/en\/wp-json\/wp\/v2\/pages\/757\/revisions\/779"}],"wp:featuredmedia":[{"embeddable":true,"href":"https:\/\/www.caprice-dz.com\/en\/wp-json\/wp\/v2\/media\/758"}],"wp:attachment":[{"href":"https:\/\/www.caprice-dz.com\/en\/wp-json\/wp\/v2\/media?parent=757"}],"curies":[{"name":"wp","href":"https:\/\/api.w.org\/{rel}","templated":true}]}}