{"id":782,"date":"2018-05-23T13:45:52","date_gmt":"2018-05-23T12:45:52","guid":{"rendered":"http:\/\/www.caprice-dz.com\/?page_id=782"},"modified":"2018-05-24T09:47:12","modified_gmt":"2018-05-24T08:47:12","slug":"assistant-drh","status":"publish","type":"page","link":"https:\/\/www.caprice-dz.com\/en\/assistant-drh\/","title":{"rendered":"Assistant DRH"},"content":{"rendered":"<div class=\"wpb-content-wrapper\"><p>[vc_row][vc_column][vc_column_text]<\/p>\n<h2 style=\"text-align: center;\"><strong>Assistant DRH<\/strong><\/h2>\n<p>&nbsp;<\/p>\n<h3><strong>Missions du poste :<\/strong><\/h3>\n<ul>\n<li>Coordonner et supporter l\u2019int\u00e9gration administrative des nouveaux employ\u00e9s.<\/li>\n<li>Assurer la gestion administrative quotidienne des employ\u00e9s (Absences, paies, r\u00e9clamations, notifications, etc.)<\/li>\n<li>Assister la DRH dans la gestion administrative.<\/li>\n<li>Consolider les donn\u00e9es de pr\u00e9sence des employ\u00e9s pour l\u2019\u00e9tablissement de la paie.<\/li>\n<li>Prendre en charge et suivre toutes demandes administratives (administration, paie, etc.) \u00e9manant des employ\u00e9s ou la hi\u00e9rarchie de l\u2019entreprise.<\/li>\n<li>Veiller \u00e0 la satisfaction des demandes administratives dans les meilleurs d\u00e9lais et le respect des proc\u00e9dures en vigueurs.<\/li>\n<li>Participer aux commissions d\u2019hygi\u00e8ne et s\u00e9curit\u00e9 de l\u2019entreprise.<\/li>\n<li>Sensibiliser les employ\u00e9s de l\u2019entreprise au respect des consignes de s\u00e9curit\u00e9 (HSE)<\/li>\n<li>Veillez au respect des r\u00e9glementations en vigueur (CNAS, ANEM\u2026).<\/li>\n<\/ul>\n<p>&nbsp;<\/p>\n<h3><strong>Profil recherch\u00e9 :<\/strong><\/h3>\n<ul>\n<li>Licence en Ressources Humaines<\/li>\n<li>Exp\u00e9rience et maitrise de tout le processus RH<\/li>\n<li>Bon relationnel<\/li>\n<\/ul>\n<h3><strong>Lieu du poste :<\/strong><\/h3>\n<ul>\n<li><b>Blida<\/b><\/li>\n<\/ul>\n<p>[\/vc_column_text][\/vc_column][\/vc_row][vc_row full_width=&#8221;stretch_row&#8221; css=&#8221;.vc_custom_1526906804658{padding-top: 20px !important;padding-bottom: 20px !important;background-color: #f7f7f7 !important;}&#8221;][vc_column width=&#8221;1\/6&#8243;][\/vc_column][vc_column width=&#8221;2\/3&#8243;][vc_column_text]<\/p>\n<h2 style=\"text-align: center;\"><strong>Postuler<\/strong><\/h2>\n<p>[\/vc_column_text]\n<div class=\"wpcf7 no-js\" id=\"wpcf7-f317-o1\" lang=\"fr-FR\" dir=\"ltr\" data-wpcf7-id=\"317\">\n<div class=\"screen-reader-response\"><p role=\"status\" aria-live=\"polite\" aria-atomic=\"true\"><\/p> <ul><\/ul><\/div>\n<form action=\"\/en\/wp-json\/wp\/v2\/pages\/782#wpcf7-f317-o1\" method=\"post\" class=\"wpcf7-form init\" aria-label=\"Formulaire de contact\" enctype=\"multipart\/form-data\" novalidate=\"novalidate\" data-status=\"init\">\n<fieldset class=\"hidden-fields-container\"><input type=\"hidden\" name=\"_wpcf7\" value=\"317\" \/><input type=\"hidden\" name=\"_wpcf7_version\" value=\"6.1.5\" \/><input type=\"hidden\" name=\"_wpcf7_locale\" value=\"fr_FR\" \/><input type=\"hidden\" name=\"_wpcf7_unit_tag\" value=\"wpcf7-f317-o1\" \/><input type=\"hidden\" name=\"_wpcf7_container_post\" value=\"0\" \/><input type=\"hidden\" name=\"_wpcf7_posted_data_hash\" value=\"\" \/><input type=\"hidden\" name=\"_wpcf7_recaptcha_response\" value=\"\" \/>\n<\/fieldset>\n<div class=\"red_form\">\n\t<p><label> Nom*<br \/>\n<span class=\"wpcf7-form-control-wrap\" data-name=\"nom\"><input size=\"40\" maxlength=\"400\" class=\"wpcf7-form-control wpcf7-text wpcf7-validates-as-required input_bottom_line\" aria-required=\"true\" aria-invalid=\"false\" value=\"\" type=\"text\" name=\"nom\" \/><\/span> <\/label><br \/>\n<label> E-mail*<br \/>\n<span class=\"wpcf7-form-control-wrap\" data-name=\"email\"><input size=\"40\" maxlength=\"400\" class=\"wpcf7-form-control wpcf7-email wpcf7-validates-as-required wpcf7-text wpcf7-validates-as-email input_bottom_line\" aria-required=\"true\" aria-invalid=\"false\" value=\"\" type=\"email\" name=\"email\" \/><\/span> <\/label><br \/>\n<label> Niveau d'\u00e9tudes*<br \/>\n<span class=\"wpcf7-form-control-wrap\" data-name=\"niveau\"><select class=\"wpcf7-form-control wpcf7-select wpcf7-validates-as-required\" aria-required=\"true\" aria-invalid=\"false\" name=\"niveau\"><option value=\"Technicien sup\u00e9rieur\">Technicien sup\u00e9rieur<\/option><option value=\"bac+3\">bac+3<\/option><option value=\"bac+5\">bac+5<\/option><option value=\"MBA\">MBA<\/option><\/select><\/span><\/label><br \/>\n<label> CV*<br \/>\n<span class=\"wpcf7-form-control-wrap\" data-name=\"file-cv\"><input size=\"40\" class=\"wpcf7-form-control wpcf7-file wpcf7-validates-as-required\" accept=\".pdf\" aria-required=\"true\" aria-invalid=\"false\" type=\"file\" name=\"file-cv\" \/><\/span><\/label>\n\t<\/p>\n<\/div>\n<div class=\"red_form\">\n\t<p><label> Pr\u00e9nom*<br \/>\n<span class=\"wpcf7-form-control-wrap\" data-name=\"prenom\"><input size=\"40\" maxlength=\"400\" class=\"wpcf7-form-control wpcf7-text wpcf7-validates-as-required input_bottom_line\" aria-required=\"true\" aria-invalid=\"false\" value=\"\" type=\"text\" name=\"prenom\" \/><\/span> <\/label><br \/>\n<label> T\u00e9l\u00e9phone*<br \/>\n<span class=\"wpcf7-form-control-wrap\" data-name=\"telephone\"><input size=\"40\" maxlength=\"400\" class=\"wpcf7-form-control wpcf7-tel wpcf7-validates-as-required wpcf7-text wpcf7-validates-as-tel input_bottom_line\" aria-required=\"true\" aria-invalid=\"false\" value=\"\" type=\"tel\" name=\"telephone\" \/><\/span><\/label><br \/>\n<label> Domaine d'activit\u00e9*<br \/>\n<span class=\"wpcf7-form-control-wrap\" data-name=\"type-poste\"><select class=\"wpcf7-form-control wpcf7-select wpcf7-validates-as-required\" aria-required=\"true\" aria-invalid=\"false\" name=\"type-poste\"><option value=\"HSE\">HSE<\/option><option value=\"Process de Fabrication\">Process de Fabrication<\/option><option value=\"Marketing\">Marketing<\/option><option value=\"Merchandising\">Merchandising<\/option><option value=\"Logistique\">Logistique<\/option><option value=\"Administration\">Administration<\/option><option value=\"Finances\">Finances<\/option><option value=\"Qualit\u00e9\">Qualit\u00e9<\/option><\/select><\/span><\/label><br \/>\n<label> Lettre de motivation<br \/>\n<span class=\"wpcf7-form-control-wrap\" data-name=\"file-moti\"><input size=\"40\" class=\"wpcf7-form-control wpcf7-file wpcf7-validates-as-required\" accept=\".pdf\" aria-required=\"true\" aria-invalid=\"false\" type=\"file\" name=\"file-moti\" \/><\/span><\/label>\n\t<\/p>\n<\/div>\n<div>\n\t<p><label> Message*<br \/>\n<span class=\"wpcf7-form-control-wrap\" data-name=\"message\"><textarea cols=\"40\" rows=\"10\" maxlength=\"2000\" class=\"wpcf7-form-control wpcf7-textarea input_bottom_line\" aria-invalid=\"false\" name=\"message\"><\/textarea><\/span><\/label>\n\t<\/p>\n<\/div>\n\n<p><input class=\"wpcf7-form-control wpcf7-submit has-spinner btn_theme_color btn_rounded\" type=\"submit\" value=\"Envoyer\" \/>\n<\/p><input type='hidden' class='wpcf7-pum' value='{\"closepopup\":false,\"closedelay\":0,\"openpopup\":false,\"openpopup_id\":0}' \/><div class=\"wpcf7-response-output\" aria-hidden=\"true\"><\/div>\n<\/form>\n<\/div>\n[\/vc_column][vc_column width=&#8221;1\/6&#8243;][\/vc_column][\/vc_row]<\/p>\n<\/div>","protected":false},"excerpt":{"rendered":"<p>[vc_row][vc_column][vc_column_text] Assistant DRH &nbsp; Missions du poste : Coordonner et supporter l\u2019int\u00e9gration administrative des nouveaux employ\u00e9s. Assurer la gestion administrative quotidienne des employ\u00e9s (Absences, paies, r\u00e9clamations, notifications, etc.) Assister la DRH dans la gestion administrative. Consolider les donn\u00e9es de pr\u00e9sence des employ\u00e9s pour l\u2019\u00e9tablissement de la paie. Prendre en charge et suivre toutes demandes administratives (administration, paie, etc.) \u00e9manant des<\/p>\n<div class=\"h10\"><\/div>\n<p><a class=\"more-link1\" href=\"https:\/\/www.caprice-dz.com\/en\/assistant-drh\/\">Read more<\/a><\/p>\n","protected":false},"author":2000,"featured_media":785,"parent":0,"menu_order":0,"comment_status":"closed","ping_status":"closed","template":"","meta":{"footnotes":""},"class_list":["post-782","page","type-page","status-publish","has-post-thumbnail","hentry"],"_links":{"self":[{"href":"https:\/\/www.caprice-dz.com\/en\/wp-json\/wp\/v2\/pages\/782","targetHints":{"allow":["GET"]}}],"collection":[{"href":"https:\/\/www.caprice-dz.com\/en\/wp-json\/wp\/v2\/pages"}],"about":[{"href":"https:\/\/www.caprice-dz.com\/en\/wp-json\/wp\/v2\/types\/page"}],"author":[{"embeddable":true,"href":"https:\/\/www.caprice-dz.com\/en\/wp-json\/wp\/v2\/users\/2000"}],"replies":[{"embeddable":true,"href":"https:\/\/www.caprice-dz.com\/en\/wp-json\/wp\/v2\/comments?post=782"}],"version-history":[{"count":3,"href":"https:\/\/www.caprice-dz.com\/en\/wp-json\/wp\/v2\/pages\/782\/revisions"}],"predecessor-version":[{"id":788,"href":"https:\/\/www.caprice-dz.com\/en\/wp-json\/wp\/v2\/pages\/782\/revisions\/788"}],"wp:featuredmedia":[{"embeddable":true,"href":"https:\/\/www.caprice-dz.com\/en\/wp-json\/wp\/v2\/media\/785"}],"wp:attachment":[{"href":"https:\/\/www.caprice-dz.com\/en\/wp-json\/wp\/v2\/media?parent=782"}],"curies":[{"name":"wp","href":"https:\/\/api.w.org\/{rel}","templated":true}]}}